{"id":172,"date":"2023-03-01T22:56:51","date_gmt":"2023-03-01T21:56:51","guid":{"rendered":"http:\/\/demo.hst.li\/?page_id=172"},"modified":"2023-03-11T17:26:57","modified_gmt":"2023-03-11T16:26:57","slug":"datenschutz","status":"publish","type":"page","link":"https:\/\/www.hst.li\/?page_id=172","title":{"rendered":"Datenschutz"},"content":{"rendered":"\t\t<div data-elementor-type=\"wp-page\" data-elementor-id=\"172\" class=\"elementor elementor-172\">\n\t\t\t\t\t\t<section class=\"elementor-section elementor-top-section elementor-element elementor-element-23b10922 elementor-section-boxed elementor-section-height-default elementor-section-height-default\" data-id=\"23b10922\" data-element_type=\"section\">\n\t\t\t\t\t\t<div class=\"elementor-container elementor-column-gap-default\">\n\t\t\t\t\t<div class=\"elementor-column elementor-col-100 elementor-top-column elementor-element elementor-element-4a2c3346\" data-id=\"4a2c3346\" data-element_type=\"column\">\n\t\t\t<div class=\"elementor-widget-wrap elementor-element-populated\">\n\t\t\t\t\t\t<div class=\"elementor-element elementor-element-773e24b6 elementor-widget elementor-widget-text-editor\" data-id=\"773e24b6\" data-element_type=\"widget\" data-widget_type=\"text-editor.default\">\n\t\t\t\t<div class=\"elementor-widget-container\">\n\t\t\t\t\t\t\t\t\t<p><\/p>\n<h3 class=\"wp-block-heading\">Datenschutzerkl\u00e4rung<\/h3>\n<p><\/p>\n<p>Unsere Verarbeitung personenbezogener Daten unserer Nutzer beschr\u00e4nkt sich auf jene Daten, die zur Bereitstellung einer funktionsf\u00e4higen Internetseite sowie unserer Inhalte und Leistungen erforderlich sind. Die Verarbeitung personenbezogener Daten unserer Nutzer erfolgt nur zu den unten aufgef\u00fchrten Zwecken und wenn eine rechtliche Grundlage (im Sinn der DSGVO) vorliegt. Es werden nur solche personenbezogenen Daten erhoben, die f\u00fcr die Durchf\u00fchrung und Abwicklung unserer Aufgaben und Leistungen tats\u00e4chlich erforderlich sind oder die Sie uns freiwillig zur Verf\u00fcgung gestellt haben.<\/p>\n<p><\/p>\n<h4 class=\"wp-block-heading\">I.\u00a0\u00a0\u00a0\u00a0\u00a0\u00a0\u00a0\u00a0 Name und Anschrift des Verantwortlichen und des Datenschutzbeauftragten<\/h4>\n<p><\/p>\n<p>Der Verantwortliche im Sinne der Datenschutz-Grundverordnung (DSGVO) ist:<br \/>Patrick Vogt, Gnetsch 26, 9496 Balzers, Liechtenstein <br \/>Tel.: 00423 384 27 77<br \/>E-Mail: hst@hst.li<br \/>Webseite: <a href=\"http:\/\/www.max.mustermann.li\">www.hst.li<\/a><\/p>\n<p><\/p>\n<p>Die betriebliche Datenschutzbeauftragte der hST Anstalt ist unter der o.g. Anschrift, zu Hd. Herr Patrick Vogt, beziehungsweise unter hst@hst.li erreichbar.<\/p>\n<p><\/p>\n<h4 class=\"wp-block-heading\">II.\u00a0\u00a0\u00a0\u00a0\u00a0\u00a0 Beschreibung und Umfang der Datenverarbeitung<\/h4>\n<p><\/p>\n<p><strong>Besucher- und Nutzungsdaten<br \/><\/strong>Wir f\u00fchren auf unserer Internetseite keine eigenen Webanalysen durch und verwenden auch kein Webanalyse-Tool. Somit erfolgt keine Auswertung der zuvor erw\u00e4hnten Besucher- und Nutzungsdaten.<\/p>\n<p><\/p>\n<p><strong>Cookies<br \/><\/strong>Wir verwenden auf unserer Webseite keine Cookies.<\/p>\n<p><\/p>\n<p><\/p>\n<h4 class=\"wp-block-heading\">III.\u00a0\u00a0\u00a0\u00a0\u00a0 Datensicherheit<\/h4>\n<p><\/p>\n<p>Wir verwenden innerhalb des Webseite-Besuchs das verbreitete https-Verfahren in Verbindung mit der jeweils h\u00f6chsten Verschl\u00fcsselungsstufe, die von Ihrem Browser unterst\u00fctzt wird. Ob eine einzelne Seite unseres Internetauftrittes verschl\u00fcsselt \u00fcbertragen wird, erkennen Sie an der geschlossenen Darstellung des Schl\u00fcssel- beziehungsweise Schloss-Symbols in der Adressleiste Ihres Browsers.<\/p>\n<p><\/p>\n<p>Dar\u00fcber hinaus wenden wir weitere geeignete technische und organisatorische Sicherheitsmassnahmen an, um Ihre Daten gegen zuf\u00e4llige oder vors\u00e4tzliche Manipulationen, teilweisen oder vollst\u00e4ndigen Verlust, Zerst\u00f6rung oder gegen den unbefugten Zugriff Dritter zu sch\u00fctzen. Unsere Sicherheitsmassnahmen werden entsprechend der technologischen Entwicklung fortlaufend verbessert.<\/p>\n<p><\/p>\n<h4 class=\"wp-block-heading\">IV.\u00a0\u00a0\u00a0\u00a0\u00a0 Ihre Rechte (Betroffenenrechte)<\/h4>\n<p><\/p>\n<p>Sie haben das Recht, Auskunft \u00fcber Ihre von uns verarbeiteten personenbezogenen Daten zu verlangen. Insbesondere k\u00f6nnen Sie Auskunft \u00fcber die Verarbeitungszwecke, die Kategorien der personenbezogenen Daten, die Kategorien von Empf\u00e4ngern, gegen\u00fcber denen Ihre Daten offengelegt wurden oder werden, die geplante Speicherdauer, das Bestehen eines Rechts auf Berichtigung, L\u00f6schung, Einschr\u00e4nkung der Verarbeitung oder Widerspruch, Daten\u00fcbertragung, die Herkunft Ihrer Daten, sofern diese nicht bei uns erhoben wurden, sowie \u00fcber das Bestehen einer automatisierten Entscheidungsfindung einschliesslich Profiling verlangen.<\/p>\n<p><\/p>\n<p>Sie haben auch das Recht, eine allenfalls erteilte Einwilligung zur Nutzung Ihrer personenbezogenen Daten jederzeit zu widerrufen.<\/p>\n<p><\/p>\n<p>Sie k\u00f6nnen Ihre genannten Rechte jederzeit bei uns geltend machen unter der angegebenen Kontaktadresse.<\/p>\n<p><\/p>\n<p>Sofern Sie der Auffassung sind, dass die Verarbeitung Ihrer personenbezogenen Daten durch uns im Widerspruch zu den geltenden Datenschutzbestimmungen steht, haben Sie die M\u00f6glichkeit, sich bei der Datenschutzstelle des F\u00fcrstentums Liechtenstein zu beschweren.<\/p>\n<p><\/p>\t\t\t\t\t\t\t\t<\/div>\n\t\t\t\t<\/div>\n\t\t\t\t\t<\/div>\n\t\t<\/div>\n\t\t\t\t\t<\/div>\n\t\t<\/section>\n\t\t\t\t<\/div>\n\t\t","protected":false},"excerpt":{"rendered":"<p>Datenschutzerkl\u00e4rung Unsere Verarbeitung personenbezogener Daten unserer Nutzer beschr\u00e4nkt sich auf jene Daten, die zur Bereitstellung einer funktionsf\u00e4higen Internetseite sowie unserer Inhalte und Leistungen erforderlich sind. Die Verarbeitung personenbezogener Daten unserer Nutzer erfolgt nur zu den unten aufgef\u00fchrten Zwecken und wenn eine rechtliche Grundlage (im Sinn der DSGVO) vorliegt. Es werden nur solche personenbezogenen Daten erhoben, &hellip; <\/p>\n<p class=\"link-more\"><a href=\"https:\/\/www.hst.li\/?page_id=172\" class=\"more-link\"><span class=\"screen-reader-text\">&#171;Datenschutz&#187;<\/span> weiterlesen<\/a><\/p>\n","protected":false},"author":1,"featured_media":0,"parent":0,"menu_order":0,"comment_status":"closed","ping_status":"closed","template":"","meta":{"footnotes":""},"class_list":["post-172","page","type-page","status-publish","hentry"],"_links":{"self":[{"href":"https:\/\/www.hst.li\/index.php?rest_route=\/wp\/v2\/pages\/172","targetHints":{"allow":["GET"]}}],"collection":[{"href":"https:\/\/www.hst.li\/index.php?rest_route=\/wp\/v2\/pages"}],"about":[{"href":"https:\/\/www.hst.li\/index.php?rest_route=\/wp\/v2\/types\/page"}],"author":[{"embeddable":true,"href":"https:\/\/www.hst.li\/index.php?rest_route=\/wp\/v2\/users\/1"}],"replies":[{"embeddable":true,"href":"https:\/\/www.hst.li\/index.php?rest_route=%2Fwp%2Fv2%2Fcomments&post=172"}],"version-history":[{"count":12,"href":"https:\/\/www.hst.li\/index.php?rest_route=\/wp\/v2\/pages\/172\/revisions"}],"predecessor-version":[{"id":198,"href":"https:\/\/www.hst.li\/index.php?rest_route=\/wp\/v2\/pages\/172\/revisions\/198"}],"wp:attachment":[{"href":"https:\/\/www.hst.li\/index.php?rest_route=%2Fwp%2Fv2%2Fmedia&parent=172"}],"curies":[{"name":"wp","href":"https:\/\/api.w.org\/{rel}","templated":true}]}}