{"id":7,"date":"2021-10-22T16:47:12","date_gmt":"2021-10-22T14:47:12","guid":{"rendered":"http:\/\/demo.hst.li\/?page_id=7"},"modified":"2023-02-28T21:05:48","modified_gmt":"2023-02-28T20:05:48","slug":"startseite","status":"publish","type":"page","link":"https:\/\/www.hst.li\/","title":{"rendered":"F\u00fcr Sie im Einsatz in Balzers und Umgebung"},"content":{"rendered":"\n<p>Schnell da sein, wenn es uns braucht<\/p>\n\n\n\n<p>Als kleines, dynamisches Elektroinstallationsunternehmen betreuen wir Kunden in und um Balzers. Unser T\u00e4tigkeitsbereich reicht von Elektroinstallationen, Service, Unterhalt und Umbauten im Gewerbe- und Privatbereich. F\u00fcr unsere Kunden sind wir DER Ansprechpartner f\u00fcr, Elektroinstallationen, Telekommunikation, Elektroger\u00e4te und Beleuchtung.<\/p>\n\n\n\n<p>Als Unternehmen ist es f\u00fcr uns wichtig in direktem Kontakt mit unseren Kunden zu stehen. Wir sind besonders stolz darauf, dass wir mit unseren Kunden den pers\u00f6nlichen Kontakt \u00fcber Jahre halten und dadurch auch eine kompetente Betreuung gew\u00e4hrleisten k\u00f6nnen.<\/p>\n","protected":false},"excerpt":{"rendered":"<p>Schnell da sein, wenn es uns braucht Als kleines, dynamisches Elektroinstallationsunternehmen betreuen wir Kunden in und um Balzers. Unser T\u00e4tigkeitsbereich reicht von Elektroinstallationen, Service, Unterhalt und Umbauten im Gewerbe- und Privatbereich. F\u00fcr unsere Kunden sind wir DER Ansprechpartner f\u00fcr, Elektroinstallationen, Telekommunikation, Elektroger\u00e4te und Beleuchtung. Als Unternehmen ist es f\u00fcr uns wichtig in direktem Kontakt mit &hellip; <\/p>\n<p class=\"link-more\"><a href=\"https:\/\/www.hst.li\/\" class=\"more-link\"><span class=\"screen-reader-text\">&#171;F\u00fcr Sie im Einsatz in Balzers und Umgebung&#187;<\/span> weiterlesen<\/a><\/p>\n","protected":false},"author":1,"featured_media":0,"parent":0,"menu_order":0,"comment_status":"closed","ping_status":"closed","template":"","meta":{"footnotes":""},"class_list":["post-7","page","type-page","status-publish","hentry"],"_links":{"self":[{"href":"https:\/\/www.hst.li\/index.php?rest_route=\/wp\/v2\/pages\/7","targetHints":{"allow":["GET"]}}],"collection":[{"href":"https:\/\/www.hst.li\/index.php?rest_route=\/wp\/v2\/pages"}],"about":[{"href":"https:\/\/www.hst.li\/index.php?rest_route=\/wp\/v2\/types\/page"}],"author":[{"embeddable":true,"href":"https:\/\/www.hst.li\/index.php?rest_route=\/wp\/v2\/users\/1"}],"replies":[{"embeddable":true,"href":"https:\/\/www.hst.li\/index.php?rest_route=%2Fwp%2Fv2%2Fcomments&post=7"}],"version-history":[{"count":4,"href":"https:\/\/www.hst.li\/index.php?rest_route=\/wp\/v2\/pages\/7\/revisions"}],"predecessor-version":[{"id":126,"href":"https:\/\/www.hst.li\/index.php?rest_route=\/wp\/v2\/pages\/7\/revisions\/126"}],"wp:attachment":[{"href":"https:\/\/www.hst.li\/index.php?rest_route=%2Fwp%2Fv2%2Fmedia&parent=7"}],"curies":[{"name":"wp","href":"https:\/\/api.w.org\/{rel}","templated":true}]}}